{"id":58185,"date":"2024-06-18T12:56:45","date_gmt":"2024-06-18T12:56:45","guid":{"rendered":"https:\/\/www.mobilox.nl\/pro\/?page_id=58185"},"modified":"2025-07-24T12:01:01","modified_gmt":"2025-07-24T12:01:01","slug":"financieren","status":"publish","type":"page","link":"https:\/\/www.mobilox.nl\/pro\/financieren\/","title":{"rendered":"Financieren"},"content":{"rendered":"<p>[et_pb_section fb_built=&#8221;1&#8243; fullwidth=&#8221;on&#8221; admin_label=&#8221;Page Header&#8221; _builder_version=&#8221;4.23&#8243; background_image=&#8221;https:\/\/www.mobilox.nl\/pro\/wp-content\/uploads\/2022\/03\/close-up-businessman-calculating-invoices-using-calculator_LR.jpg&#8221; parallax=&#8221;on&#8221; parallax_method=&#8221;off&#8221; global_colors_info=&#8221;{}&#8221;][et_pb_fullwidth_header title=&#8221;Financieringen&#8221; text_orientation=&#8221;center&#8221; header_fullscreen=&#8221;on&#8221; header_scroll_down=&#8221;on&#8221; scroll_down_icon=&#8221;%%4%%&#8221; scroll_down_icon_size=&#8221;80px&#8221; button_one_url=&#8221;#&#8221; button_two_url=&#8221;#&#8221; admin_label=&#8221;Hero Section&#8221; _builder_version=&#8221;4.24.1&#8243; title_font=&#8221;|700|||||||&#8221; title_font_size=&#8221;60px&#8221; title_line_height=&#8221;1.4em&#8221; content_font_size=&#8221;22px&#8221; content_line_height=&#8221;1.8em&#8221; subhead_font=&#8221;||||&#8221; background_color=&#8221;rgba(255,255,255,0)&#8221; use_background_color_gradient=&#8221;on&#8221; background_color_gradient_stops=&#8221;#e28624 0%|rgba(226,134,36,0.87) 100%&#8221; background_color_gradient_start=&#8221;#e28624&#8243; background_color_gradient_end=&#8221;rgba(226,134,36,0.87)&#8221; custom_button_one=&#8221;on&#8221; button_one_text_size=&#8221;16px&#8221; button_one_bg_color=&#8221;#6eba01&#8243; button_one_border_width=&#8221;2px&#8221; button_one_border_color=&#8221;#6eba01&#8243; button_one_border_radius=&#8221;0&#8243; button_one_letter_spacing=&#8221;2&#8243; button_one_font=&#8221;Montserrat|||on|&#8221; button_one_use_icon=&#8221;off&#8221; custom_button_two=&#8221;on&#8221; button_two_text_size=&#8221;16px&#8221; button_two_border_width=&#8221;2px&#8221; button_two_border_color=&#8221;#ffffff&#8221; button_two_border_radius=&#8221;0&#8243; button_two_letter_spacing=&#8221;2&#8243; button_two_font=&#8221;Montserrat|||on|&#8221; button_two_use_icon=&#8221;off&#8221; module_alignment=&#8221;left&#8221; animation_style=&#8221;fade&#8221; title_font_size_tablet=&#8221;60px&#8221; title_font_size_phone=&#8221;36px&#8221; title_font_size_last_edited=&#8221;on|phone&#8221; content_font_size_tablet=&#8221;22px&#8221; content_font_size_phone=&#8221;19px&#8221; content_font_size_last_edited=&#8221;on|phone&#8221; button_one_text_color_hover=&#8221;#6eba01&#8243; button_two_text_color_hover=&#8221;#6eba01&#8243; button_one_border_color_hover=&#8221;#ffffff&#8221; button_two_border_color_hover=&#8221;#ffffff&#8221; button_one_border_radius_hover=&#8221;0&#8243; button_two_border_radius_hover=&#8221;0&#8243; button_one_letter_spacing_hover=&#8221;2&#8243; button_two_letter_spacing_hover=&#8221;2&#8243; button_one_bg_color_hover=&#8221;#ffffff&#8221; button_two_bg_color_hover=&#8221;#ffffff&#8221; global_colors_info=&#8221;{}&#8221; button_one_text_size__hover_enabled=&#8221;off&#8221; button_two_text_size__hover_enabled=&#8221;off&#8221; button_one_text_color__hover_enabled=&#8221;on&#8221; button_one_text_color__hover=&#8221;#6eba01&#8243; button_two_text_color__hover_enabled=&#8221;on&#8221; button_two_text_color__hover=&#8221;#6eba01&#8243; button_one_border_width__hover_enabled=&#8221;off&#8221; button_two_border_width__hover_enabled=&#8221;off&#8221; button_one_border_color__hover_enabled=&#8221;on&#8221; button_one_border_color__hover=&#8221;#ffffff&#8221; button_two_border_color__hover_enabled=&#8221;on&#8221; button_two_border_color__hover=&#8221;#ffffff&#8221; button_one_border_radius__hover_enabled=&#8221;on&#8221; button_one_border_radius__hover=&#8221;0&#8243; button_two_border_radius__hover_enabled=&#8221;on&#8221; button_two_border_radius__hover=&#8221;0&#8243; button_one_letter_spacing__hover_enabled=&#8221;on&#8221; button_one_letter_spacing__hover=&#8221;2&#8243; button_two_letter_spacing__hover_enabled=&#8221;on&#8221; button_two_letter_spacing__hover=&#8221;2&#8243; button_one_bg_color__hover_enabled=&#8221;on&#8221; button_one_bg_color__hover=&#8221;#ffffff&#8221; button_two_bg_color__hover_enabled=&#8221;on&#8221; button_two_bg_color__hover=&#8221;#ffffff&#8221;]<\/p>\n<p>Regel zelf de financiering voor je klanten<\/p>\n<p>&nbsp;<\/p>\n<p>[\/et_pb_fullwidth_header][\/et_pb_section][et_pb_section fb_built=&#8221;1&#8243; custom_padding_last_edited=&#8221;on|phone&#8221; admin_label=&#8221;Split Section&#8221; _builder_version=&#8221;4.16&#8243; custom_padding=&#8221;90px||80px|&#8221; custom_padding_tablet=&#8221;90px||80px|&#8221; custom_padding_phone=&#8221;9px||23px||false|false&#8221; global_colors_info=&#8221;{}&#8221;][et_pb_row column_structure=&#8221;1_2,1_2&#8243; use_custom_gutter=&#8221;on&#8221; make_equal=&#8221;on&#8221; module_class=&#8221; et_pb_row_fullwidth&#8221; _builder_version=&#8221;4.23&#8243; background_size=&#8221;initial&#8221; background_position=&#8221;top_left&#8221; background_repeat=&#8221;repeat&#8221; width=&#8221;100%&#8221; width_tablet=&#8221;100%&#8221; width_phone=&#8221;&#8221; width_last_edited=&#8221;on|desktop&#8221; max_width=&#8221;100%&#8221; max_width_tablet=&#8221;100%&#8221; max_width_phone=&#8221;&#8221; max_width_last_edited=&#8221;on|desktop&#8221; custom_margin=&#8221;0px||0px|&#8221; custom_padding=&#8221;0px||0px|&#8221; make_fullwidth=&#8221;on&#8221; global_colors_info=&#8221;{}&#8221;][et_pb_column type=&#8221;1_2&#8243; _builder_version=&#8221;4.23&#8243; background_color=&#8221;#FFFFFF&#8221; background_enable_image=&#8221;off&#8221; background_position=&#8221;top_left&#8221; custom_padding=&#8221;8px|6px|8px|6px|false|false&#8221; global_colors_info=&#8221;{}&#8221; custom_padding__hover=&#8221;|||&#8221;][et_pb_image src=&#8221;https:\/\/www.mobilox.nl\/pro\/wp-content\/uploads\/2024\/06\/fina.png&#8221; title_text=&#8221;fina&#8221; _builder_version=&#8221;4.24.1&#8243; _module_preset=&#8221;default&#8221; custom_padding=&#8221;150px||||false|false&#8221; global_colors_info=&#8221;{}&#8221;][\/et_pb_image][\/et_pb_column][et_pb_column type=&#8221;1_2&#8243; _builder_version=&#8221;4.23&#8243; background_color=&#8221;#f4f4f4&#8243; background_position=&#8221;top_left&#8221; custom_padding=&#8221;8%|6%|8%|6%&#8221; global_colors_info=&#8221;{}&#8221; custom_padding__hover=&#8221;|||&#8221;][et_pb_divider divider_weight=&#8221;3px&#8221; disabled_on=&#8221;off|off|off&#8221; _builder_version=&#8221;4.16&#8243; background_color_gradient_direction=&#8221;90deg&#8221; max_width=&#8221;100px&#8221; module_alignment=&#8221;left&#8221; height=&#8221;5px&#8221; custom_margin=&#8221;||20px|&#8221; custom_padding=&#8221;||20px|&#8221; animation_style=&#8221;slide&#8221; animation_direction=&#8221;bottom&#8221; saved_tabs=&#8221;all&#8221; locked=&#8221;off&#8221; global_colors_info=&#8221;{}&#8221;][\/et_pb_divider][et_pb_text admin_label=&#8221;About Section Title&#8221; _builder_version=&#8221;4.24.1&#8243; text_font=&#8221;||||||||&#8221; text_text_color=&#8221;#1f1f1f&#8221; text_font_size=&#8221;36px&#8221; text_line_height=&#8221;1.8em&#8221; header_2_font_size=&#8221;40px&#8221; background_size=&#8221;initial&#8221; background_position=&#8221;top_left&#8221; background_repeat=&#8221;repeat&#8221; custom_margin=&#8221;|27px|||false|false&#8221; custom_margin_tablet=&#8221;|27px|||false|false&#8221; custom_margin_phone=&#8221;|27px|||false|false&#8221; custom_margin_last_edited=&#8221;on|desktop&#8221; header_2_font_size_tablet=&#8221;40px&#8221; header_2_font_size_phone=&#8221;29px&#8221; header_2_font_size_last_edited=&#8221;on|phone&#8221; locked=&#8221;off&#8221; global_colors_info=&#8221;{}&#8221;]<\/p>\n<h2>Regel zelf de financiering voor je klanten<\/h2>\n<p>[\/et_pb_text][et_pb_text admin_label=&#8221;About Section Text&#8221; _builder_version=&#8221;4.27.4&#8243; text_font_size=&#8221;16px&#8221; text_line_height=&#8221;1.9em&#8221; background_size=&#8221;initial&#8221; background_position=&#8221;top_left&#8221; background_repeat=&#8221;repeat&#8221; width=&#8221;79%&#8221; width_tablet=&#8221;79%&#8221; width_phone=&#8221;100%&#8221; width_last_edited=&#8221;on|phone&#8221; hover_enabled=&#8221;0&#8243; locked=&#8221;off&#8221; global_colors_info=&#8221;{}&#8221; sticky_enabled=&#8221;0&#8243;]<\/p>\n<p>Meer deals. Meer grip. Meer gemak. Ontdek Lease.auto!<br \/>In samenwerking met Mobilox biedt Lease.auto h\u00e9t ultieme dealerportaal voor financiering en lease. Jij behoudt de controle: bepaal z\u00e9lf de rente, maandtermijn \u00e9n provisie bij zakelijke klanten. Zo houd je grip op het voorstel \u00e9n de deal.<\/p>\n<p>[\/et_pb_text][et_pb_button button_url=&#8221;https:\/\/lease.auto\/&#8221; url_new_window=&#8221;on&#8221; button_text=&#8221;Meer informatie&#8221; _builder_version=&#8221;4.24.1&#8243; _module_preset=&#8221;default&#8221; custom_margin=&#8221;20px||||false|false&#8221; global_colors_info=&#8221;{}&#8221;][\/et_pb_button][\/et_pb_column][\/et_pb_row][\/et_pb_section][et_pb_section fb_built=&#8221;1&#8243; custom_padding_last_edited=&#8221;on|phone&#8221; admin_label=&#8221;Statistics&#8221; _builder_version=&#8221;4.17.4&#8243; custom_padding=&#8221;90px||80px|&#8221; custom_padding_tablet=&#8221;90px||80px|&#8221; custom_padding_phone=&#8221;9px||23px||false|false&#8221; global_colors_info=&#8221;{}&#8221;][et_pb_row _builder_version=&#8221;4.16&#8243; background_size=&#8221;initial&#8221; background_position=&#8221;top_left&#8221; background_repeat=&#8221;repeat&#8221; custom_width_px=&#8221;710px&#8221; global_colors_info=&#8221;{}&#8221;][et_pb_column type=&#8221;4_4&#8243; _builder_version=&#8221;4.16&#8243; background_position=&#8221;top_left&#8221; custom_padding=&#8221;|||&#8221; global_colors_info=&#8221;{}&#8221; custom_padding__hover=&#8221;|||&#8221;][et_pb_divider divider_weight=&#8221;3px&#8221; disabled_on=&#8221;off|off|off&#8221; _builder_version=&#8221;4.17.4&#8243; background_color_gradient_direction=&#8221;90deg&#8221; max_width=&#8221;100px&#8221; module_alignment=&#8221;center&#8221; height=&#8221;5px&#8221; custom_margin=&#8221;||20px|&#8221; custom_padding=&#8221;||20px|&#8221; animation_style=&#8221;slide&#8221; animation_direction=&#8221;bottom&#8221; module_alignment_tablet=&#8221;center&#8221; module_alignment_phone=&#8221;left&#8221; module_alignment_last_edited=&#8221;on|phone&#8221; saved_tabs=&#8221;all&#8221; locked=&#8221;off&#8221; global_colors_info=&#8221;{}&#8221;][\/et_pb_divider][et_pb_text content_tablet=&#8221;<\/p>\n<h2 style=%22text-align: center;%22>Offerte<\/h2>\n<p>&#8221; content_phone=&#8221;<\/p>\n<h2 style=%22text-align: left;%22>Offerte<\/h2>\n<p>&#8221; content_last_edited=&#8221;on|phone&#8221; admin_label=&#8221;About Section Title&#8221; _builder_version=&#8221;4.24.1&#8243; text_font=&#8221;||||||||&#8221; text_text_color=&#8221;#1f1f1f&#8221; text_font_size=&#8221;36px&#8221; text_line_height=&#8221;1.8em&#8221; header_2_font_size=&#8221;40px&#8221; background_size=&#8221;initial&#8221; background_position=&#8221;top_left&#8221; background_repeat=&#8221;repeat&#8221; custom_margin=&#8221;|27px|||false|false&#8221; custom_margin_tablet=&#8221;|27px|||false|false&#8221; custom_margin_phone=&#8221;|27px|||false|false&#8221; custom_margin_last_edited=&#8221;on|desktop&#8221; header_2_font_size_tablet=&#8221;40px&#8221; header_2_font_size_phone=&#8221;29px&#8221; header_2_font_size_last_edited=&#8221;on|phone&#8221; locked=&#8221;off&#8221; global_colors_info=&#8221;{}&#8221;]<\/p>\n<h2 style=\"text-align: center;\">\u200bEnkele voordelen van Lease.Auto zijn:<\/h2>\n<p>[\/et_pb_text][et_pb_text content_tablet=&#8221;<\/p>\n<p>Is een klant ge\u00efnteresseerd in een auto, dan kun je eenvoudig een offerte opmaken.  Klantgegevens invoeren en koppelen aan een voertuig uit je voorraad en klaar is Kees! De offerte is later eenvoudig om te zetten naar een factuur<\/p>\n<p>&#8221; content_phone=&#8221;<\/p>\n<p style=%22text-align: left;%22>Is een klant ge\u00efnteresseerd in een auto, dan kun je eenvoudig een offerte opmaken.  Klantgegevens invoeren en koppelen aan een voertuig uit je voorraad en klaar is Kees! De offerte is later eenvoudig om te zetten naar een factuur<\/p>\n<p>&#8221; content_last_edited=&#8221;on|phone&#8221; admin_label=&#8221;Statistics Section Subtitle&#8221; _builder_version=&#8221;4.27.4&#8243; text_font_size=&#8221;16px&#8221; text_line_height=&#8221;1.9em&#8221; background_size=&#8221;initial&#8221; background_position=&#8221;top_left&#8221; background_repeat=&#8221;repeat&#8221; text_orientation=&#8221;center&#8221; max_width=&#8221;710px&#8221; module_alignment=&#8221;center&#8221; custom_padding=&#8221;||1px|||&#8221; animation_style=&#8221;fold&#8221; animation_direction=&#8221;bottom&#8221; animation_intensity_fold=&#8221;20%&#8221; global_colors_info=&#8221;{}&#8221;]<\/p>\n<p style=\"text-align: left;\">\u2705 Snelle opvolging<br \/>Aanvragen worden binnen 15 minuten opgepakt. Met realtime acceptatie en offertes in je eigen huisstijl heb jij razendsnel duidelijkheid. Vaak terwijl de klant nog bij je aan tafel zit!<br \/>\u2705 Toegang tot meer dan 40 banken en leasemaatschappijen<br \/>Van starters tot ondernemers met jarenlange ervaring: wij regelen financiering voor vrijwel iedere klant. Zowel zakelijk (Financial Lease, Netto Operational Lease, Operational Lease) als particulier (huurkoop, blanco krediet). Zelfs Halal lease is mogelijk.<br \/>\u2705 Altijd zichtbaar. Altijd vindbaar.<br \/>Adverteer jouw voorraad gratis op Lease.auto (met ruim 1 miljoen bezoekers per jaar) en profiteer van onze partnerships met onder andere Gaspedaal en Autoscout24. Jouw auto&#8217;s staan hoger in de zoekresultaten.<br \/>\u2705 Alles via je Mobilox-app<br \/>Financieringsvoorstellen maken en een aanvraag doen? Dat regel je direct vanuit de Mobilox-app onder het kopje \u2018financiering\u2019.<br \/>\u2705 Financiering mogelijk voor auto\u2019s tot 18 jaar oud<br \/>Zolang het voertuig courant is, maken wij financiering ook mogelijk bij oudere auto\u2019s.<br \/>\u2705 Lease.auto wordt als &#8220;Uitstekend&#8221; beoordeeld met 4,8 \/ 5 op Trustpilot<\/p>\n<p>[\/et_pb_text][\/et_pb_column][\/et_pb_row][\/et_pb_section][et_pb_section fb_built=&#8221;1&#8243; custom_padding_last_edited=&#8221;on|phone&#8221; admin_label=&#8221;Split Section&#8221; _builder_version=&#8221;4.16&#8243; custom_padding=&#8221;90px||80px|&#8221; custom_padding_tablet=&#8221;90px||80px|&#8221; custom_padding_phone=&#8221;9px||23px||false|false&#8221; global_colors_info=&#8221;{}&#8221;][et_pb_row column_structure=&#8221;1_2,1_2&#8243; use_custom_gutter=&#8221;on&#8221; make_equal=&#8221;on&#8221; module_class=&#8221; et_pb_row_fullwidth&#8221; _builder_version=&#8221;4.23&#8243; background_size=&#8221;initial&#8221; background_position=&#8221;top_left&#8221; background_repeat=&#8221;repeat&#8221; width=&#8221;100%&#8221; width_tablet=&#8221;100%&#8221; width_phone=&#8221;&#8221; width_last_edited=&#8221;on|desktop&#8221; max_width=&#8221;100%&#8221; max_width_tablet=&#8221;100%&#8221; max_width_phone=&#8221;&#8221; max_width_last_edited=&#8221;on|desktop&#8221; custom_margin=&#8221;0px||0px|&#8221; custom_padding=&#8221;0px||0px|&#8221; make_fullwidth=&#8221;on&#8221; global_colors_info=&#8221;{}&#8221;][et_pb_column type=&#8221;1_2&#8243; _builder_version=&#8221;4.23&#8243; background_color=&#8221;#FFFFFF&#8221; background_enable_image=&#8221;off&#8221; background_position=&#8221;top_left&#8221; custom_padding=&#8221;8px|6px|8px|6px|false|false&#8221; global_colors_info=&#8221;{}&#8221; custom_padding__hover=&#8221;|||&#8221;][et_pb_image src=&#8221;https:\/\/www.mobilox.nl\/pro\/wp-content\/uploads\/2025\/05\/2025-05-02_10-08.png&#8221; title_text=&#8221;2025-05-02_10-08&#8243; _builder_version=&#8221;4.24.1&#8243; _module_preset=&#8221;default&#8221; custom_padding=&#8221;150px||||false|false&#8221; global_colors_info=&#8221;{}&#8221;][\/et_pb_image][\/et_pb_column][et_pb_column type=&#8221;1_2&#8243; _builder_version=&#8221;4.23&#8243; background_color=&#8221;#f4f4f4&#8243; background_position=&#8221;top_left&#8221; custom_padding=&#8221;8%|6%|8%|6%&#8221; global_colors_info=&#8221;{}&#8221; custom_padding__hover=&#8221;|||&#8221;][et_pb_divider divider_weight=&#8221;3px&#8221; disabled_on=&#8221;off|off|off&#8221; _builder_version=&#8221;4.16&#8243; background_color_gradient_direction=&#8221;90deg&#8221; max_width=&#8221;100px&#8221; module_alignment=&#8221;left&#8221; height=&#8221;5px&#8221; custom_margin=&#8221;||20px|&#8221; custom_padding=&#8221;||20px|&#8221; animation_style=&#8221;slide&#8221; animation_direction=&#8221;bottom&#8221; saved_tabs=&#8221;all&#8221; locked=&#8221;off&#8221; global_colors_info=&#8221;{}&#8221;][\/et_pb_divider][et_pb_text admin_label=&#8221;About Section Title&#8221; _builder_version=&#8221;4.24.1&#8243; text_font=&#8221;||||||||&#8221; text_text_color=&#8221;#1f1f1f&#8221; text_font_size=&#8221;36px&#8221; text_line_height=&#8221;1.8em&#8221; header_2_font_size=&#8221;40px&#8221; background_size=&#8221;initial&#8221; background_position=&#8221;top_left&#8221; background_repeat=&#8221;repeat&#8221; custom_margin=&#8221;|27px|||false|false&#8221; custom_margin_tablet=&#8221;|27px|||false|false&#8221; custom_margin_phone=&#8221;|27px|||false|false&#8221; custom_margin_last_edited=&#8221;on|desktop&#8221; header_2_font_size_tablet=&#8221;40px&#8221; header_2_font_size_phone=&#8221;29px&#8221; header_2_font_size_last_edited=&#8221;on|phone&#8221; locked=&#8221;off&#8221; global_colors_info=&#8221;{}&#8221;]<\/p>\n<h2>Geautomatiseerde fotostickers met de leaseprijs.<\/h2>\n<p>[\/et_pb_text][et_pb_text admin_label=&#8221;About Section Text&#8221; _builder_version=&#8221;4.27.4&#8243; text_font_size=&#8221;16px&#8221; text_line_height=&#8221;1.9em&#8221; background_size=&#8221;initial&#8221; background_position=&#8221;top_left&#8221; background_repeat=&#8221;repeat&#8221; width=&#8221;79%&#8221; width_tablet=&#8221;79%&#8221; width_phone=&#8221;100%&#8221; width_last_edited=&#8221;on|phone&#8221; hover_enabled=&#8221;0&#8243; locked=&#8221;off&#8221; global_colors_info=&#8221;{}&#8221; sticky_enabled=&#8221;0&#8243;]<\/p>\n<p>Vanaf nu er is er een unieke functie beschikbaar in Mobilox. Je kunt namelijk je leaseprijs per voertuig als fotosticker tonen!<br \/>Op basis van de aanbetaling, het aantal maanden en de slotsom berekenen we de leaseprijs van het voertuig en tonen we die op de eerste foto van het voertuig.<br \/>De informatie voor deze stickers krijgen we van onze partner Lease.Auto, als je jouw voorraad op hun portal adverteert gaat het verder vanzelf!<\/p>\n<p>Maak je nog geen gebruik van Mobilox? Laat dan <a href=\"\/contact\">hier<\/a> je gegevens achter, zodat we je kunnen voorzien van informatie of een vrijblijvende demo.<\/p>\n<p>[\/et_pb_text][et_pb_button button_url=&#8221;\/pro&#8221; button_text=&#8221;Ontdek Mobilox&#8221; _builder_version=&#8221;4.24.1&#8243; _module_preset=&#8221;default&#8221; custom_margin=&#8221;20px||||false|false&#8221; global_colors_info=&#8221;{}&#8221;][\/et_pb_button][\/et_pb_column][\/et_pb_row][\/et_pb_section]<\/p>\n","protected":false},"excerpt":{"rendered":"<p>Regel zelf de financiering voor je klanten &nbsp;Regel zelf de financiering voor je klantenMeer deals. Meer grip. Meer gemak. Ontdek Lease.auto!In samenwerking met Mobilox biedt Lease.auto h\u00e9t ultieme dealerportaal voor financiering en lease. Jij behoudt de controle: bepaal z\u00e9lf de rente, maandtermijn \u00e9n provisie bij zakelijke klanten. Zo houd je grip op het voorstel \u00e9n [&hellip;]<\/p>\n","protected":false},"author":1,"featured_media":0,"parent":0,"menu_order":0,"comment_status":"closed","ping_status":"closed","template":"","meta":{"_et_pb_use_builder":"on","_et_pb_old_content":"","_et_gb_content_width":"","footnotes":""},"class_list":["post-58185","page","type-page","status-publish","hentry"],"yoast_head":"<!-- This site is optimized with the Yoast SEO plugin v27.5 - https:\/\/yoast.com\/product\/yoast-seo-wordpress\/ -->\n<title>Financieren - Mobilox<\/title>\n<meta name=\"description\" content=\"Zorg dat je klant veilig en verzekert de weg op gaat en verdien er ook nog eens geld mee!\" \/>\n<meta name=\"robots\" content=\"index, follow, max-snippet:-1, max-image-preview:large, max-video-preview:-1\" \/>\n<link rel=\"canonical\" href=\"https:\/\/www.mobilox.nl\/pro\/financieren\/\" \/>\n<meta property=\"og:locale\" content=\"nl_NL\" \/>\n<meta property=\"og:type\" content=\"article\" \/>\n<meta property=\"og:title\" content=\"Financieren - Mobilox\" \/>\n<meta property=\"og:description\" content=\"Zorg dat je klant veilig en verzekert de weg op gaat en verdien er ook nog eens geld mee!\" \/>\n<meta property=\"og:url\" content=\"https:\/\/www.mobilox.nl\/pro\/financieren\/\" \/>\n<meta property=\"og:site_name\" content=\"Mobilox\" \/>\n<meta property=\"article:publisher\" content=\"https:\/\/www.facebook.com\/MobiloxNL\/\" \/>\n<meta property=\"article:modified_time\" content=\"2025-07-24T12:01:01+00:00\" \/>\n<meta name=\"twitter:card\" content=\"summary_large_image\" \/>\n<meta name=\"twitter:label1\" content=\"Geschatte leestijd\" \/>\n\t<meta name=\"twitter:data1\" content=\"4 minuten\" \/>\n<script type=\"application\/ld+json\" class=\"yoast-schema-graph\">{\"@context\":\"https:\\\/\\\/schema.org\",\"@graph\":[{\"@type\":\"WebPage\",\"@id\":\"https:\\\/\\\/www.mobilox.nl\\\/pro\\\/financieren\\\/\",\"url\":\"https:\\\/\\\/www.mobilox.nl\\\/pro\\\/financieren\\\/\",\"name\":\"Financieren - Mobilox\",\"isPartOf\":{\"@id\":\"https:\\\/\\\/www.mobilox.nl\\\/pro\\\/#website\"},\"datePublished\":\"2024-06-18T12:56:45+00:00\",\"dateModified\":\"2025-07-24T12:01:01+00:00\",\"description\":\"Zorg dat je klant veilig en verzekert de weg op gaat en verdien er ook nog eens geld mee!\",\"breadcrumb\":{\"@id\":\"https:\\\/\\\/www.mobilox.nl\\\/pro\\\/financieren\\\/#breadcrumb\"},\"inLanguage\":\"nl-NL\",\"potentialAction\":[{\"@type\":\"ReadAction\",\"target\":[\"https:\\\/\\\/www.mobilox.nl\\\/pro\\\/financieren\\\/\"]}]},{\"@type\":\"BreadcrumbList\",\"@id\":\"https:\\\/\\\/www.mobilox.nl\\\/pro\\\/financieren\\\/#breadcrumb\",\"itemListElement\":[{\"@type\":\"ListItem\",\"position\":1,\"name\":\"Home\",\"item\":\"https:\\\/\\\/www.mobilox.nl\\\/pro\\\/\"},{\"@type\":\"ListItem\",\"position\":2,\"name\":\"Financieren\"}]},{\"@type\":\"WebSite\",\"@id\":\"https:\\\/\\\/www.mobilox.nl\\\/pro\\\/#website\",\"url\":\"https:\\\/\\\/www.mobilox.nl\\\/pro\\\/\",\"name\":\"Mobilox\",\"description\":\"Het beste beheer- en adverteersysteem voor de mobiliteitsbranche\",\"potentialAction\":[{\"@type\":\"SearchAction\",\"target\":{\"@type\":\"EntryPoint\",\"urlTemplate\":\"https:\\\/\\\/www.mobilox.nl\\\/pro\\\/?s={search_term_string}\"},\"query-input\":{\"@type\":\"PropertyValueSpecification\",\"valueRequired\":true,\"valueName\":\"search_term_string\"}}],\"inLanguage\":\"nl-NL\"}]}<\/script>\n<!-- \/ Yoast SEO plugin. -->","yoast_head_json":{"title":"Financieren - Mobilox","description":"Zorg dat je klant veilig en verzekert de weg op gaat en verdien er ook nog eens geld mee!","robots":{"index":"index","follow":"follow","max-snippet":"max-snippet:-1","max-image-preview":"max-image-preview:large","max-video-preview":"max-video-preview:-1"},"canonical":"https:\/\/www.mobilox.nl\/pro\/financieren\/","og_locale":"nl_NL","og_type":"article","og_title":"Financieren - Mobilox","og_description":"Zorg dat je klant veilig en verzekert de weg op gaat en verdien er ook nog eens geld mee!","og_url":"https:\/\/www.mobilox.nl\/pro\/financieren\/","og_site_name":"Mobilox","article_publisher":"https:\/\/www.facebook.com\/MobiloxNL\/","article_modified_time":"2025-07-24T12:01:01+00:00","twitter_card":"summary_large_image","twitter_misc":{"Geschatte leestijd":"4 minuten"},"schema":{"@context":"https:\/\/schema.org","@graph":[{"@type":"WebPage","@id":"https:\/\/www.mobilox.nl\/pro\/financieren\/","url":"https:\/\/www.mobilox.nl\/pro\/financieren\/","name":"Financieren - Mobilox","isPartOf":{"@id":"https:\/\/www.mobilox.nl\/pro\/#website"},"datePublished":"2024-06-18T12:56:45+00:00","dateModified":"2025-07-24T12:01:01+00:00","description":"Zorg dat je klant veilig en verzekert de weg op gaat en verdien er ook nog eens geld mee!","breadcrumb":{"@id":"https:\/\/www.mobilox.nl\/pro\/financieren\/#breadcrumb"},"inLanguage":"nl-NL","potentialAction":[{"@type":"ReadAction","target":["https:\/\/www.mobilox.nl\/pro\/financieren\/"]}]},{"@type":"BreadcrumbList","@id":"https:\/\/www.mobilox.nl\/pro\/financieren\/#breadcrumb","itemListElement":[{"@type":"ListItem","position":1,"name":"Home","item":"https:\/\/www.mobilox.nl\/pro\/"},{"@type":"ListItem","position":2,"name":"Financieren"}]},{"@type":"WebSite","@id":"https:\/\/www.mobilox.nl\/pro\/#website","url":"https:\/\/www.mobilox.nl\/pro\/","name":"Mobilox","description":"Het beste beheer- en adverteersysteem voor de mobiliteitsbranche","potentialAction":[{"@type":"SearchAction","target":{"@type":"EntryPoint","urlTemplate":"https:\/\/www.mobilox.nl\/pro\/?s={search_term_string}"},"query-input":{"@type":"PropertyValueSpecification","valueRequired":true,"valueName":"search_term_string"}}],"inLanguage":"nl-NL"}]}},"_links":{"self":[{"href":"https:\/\/www.mobilox.nl\/pro\/wp-json\/wp\/v2\/pages\/58185","targetHints":{"allow":["GET"]}}],"collection":[{"href":"https:\/\/www.mobilox.nl\/pro\/wp-json\/wp\/v2\/pages"}],"about":[{"href":"https:\/\/www.mobilox.nl\/pro\/wp-json\/wp\/v2\/types\/page"}],"author":[{"embeddable":true,"href":"https:\/\/www.mobilox.nl\/pro\/wp-json\/wp\/v2\/users\/1"}],"replies":[{"embeddable":true,"href":"https:\/\/www.mobilox.nl\/pro\/wp-json\/wp\/v2\/comments?post=58185"}],"version-history":[{"count":21,"href":"https:\/\/www.mobilox.nl\/pro\/wp-json\/wp\/v2\/pages\/58185\/revisions"}],"predecessor-version":[{"id":59490,"href":"https:\/\/www.mobilox.nl\/pro\/wp-json\/wp\/v2\/pages\/58185\/revisions\/59490"}],"wp:attachment":[{"href":"https:\/\/www.mobilox.nl\/pro\/wp-json\/wp\/v2\/media?parent=58185"}],"curies":[{"name":"wp","href":"https:\/\/api.w.org\/{rel}","templated":true}]}}