{"id":58117,"date":"2024-04-24T11:56:49","date_gmt":"2024-04-24T11:56:49","guid":{"rendered":"https:\/\/www.mobilox.nl\/pro\/?page_id=58117"},"modified":"2024-12-12T10:42:24","modified_gmt":"2024-12-12T10:42:24","slug":"narrowcasting","status":"publish","type":"page","link":"https:\/\/www.mobilox.nl\/pro\/narrowcasting\/","title":{"rendered":"Narrowcasting"},"content":{"rendered":"<p>[et_pb_section fb_built=&#8221;1&#8243; fullwidth=&#8221;on&#8221; admin_label=&#8221;Page Header&#8221; _builder_version=&#8221;4.24.1&#8243; background_image=&#8221;https:\/\/www.mobilox.nl\/pro\/wp-content\/uploads\/2024\/04\/fe335d9a-360b-4b84-8097-47e076dc3384.png&#8221; parallax=&#8221;on&#8221; parallax_method=&#8221;off&#8221; global_colors_info=&#8221;{}&#8221;][et_pb_fullwidth_header title=&#8221;Narrowcasting&#8221; text_orientation=&#8221;center&#8221; header_fullscreen=&#8221;on&#8221; header_scroll_down=&#8221;on&#8221; scroll_down_icon=&#8221;%%4%%&#8221; scroll_down_icon_size=&#8221;80px&#8221; button_one_url=&#8221;#&#8221; button_two_url=&#8221;#&#8221; admin_label=&#8221;Hero Section&#8221; _builder_version=&#8221;4.24.1&#8243; title_font=&#8221;|700|||||||&#8221; title_font_size=&#8221;60px&#8221; title_line_height=&#8221;1.4em&#8221; content_font_size=&#8221;22px&#8221; content_line_height=&#8221;1.8em&#8221; subhead_font=&#8221;||||&#8221; background_color=&#8221;rgba(255,255,255,0)&#8221; use_background_color_gradient=&#8221;on&#8221; background_color_gradient_stops=&#8221;#e28624 0%|rgba(226,134,36,0.87) 100%&#8221; background_color_gradient_start=&#8221;#e28624&#8243; background_color_gradient_end=&#8221;rgba(226,134,36,0.87)&#8221; custom_button_one=&#8221;on&#8221; button_one_text_size=&#8221;16px&#8221; button_one_bg_color=&#8221;#6eba01&#8243; button_one_border_width=&#8221;2px&#8221; button_one_border_color=&#8221;#6eba01&#8243; button_one_border_radius=&#8221;0&#8243; button_one_letter_spacing=&#8221;2&#8243; button_one_font=&#8221;Montserrat|||on|&#8221; button_one_use_icon=&#8221;off&#8221; custom_button_two=&#8221;on&#8221; button_two_text_size=&#8221;16px&#8221; button_two_border_width=&#8221;2px&#8221; button_two_border_color=&#8221;#ffffff&#8221; button_two_border_radius=&#8221;0&#8243; button_two_letter_spacing=&#8221;2&#8243; button_two_font=&#8221;Montserrat|||on|&#8221; button_two_use_icon=&#8221;off&#8221; module_alignment=&#8221;left&#8221; animation_style=&#8221;fade&#8221; title_font_size_tablet=&#8221;60px&#8221; title_font_size_phone=&#8221;36px&#8221; title_font_size_last_edited=&#8221;on|phone&#8221; content_font_size_tablet=&#8221;22px&#8221; content_font_size_phone=&#8221;19px&#8221; content_font_size_last_edited=&#8221;on|phone&#8221; button_one_text_color_hover=&#8221;#6eba01&#8243; button_two_text_color_hover=&#8221;#6eba01&#8243; button_one_border_color_hover=&#8221;#ffffff&#8221; button_two_border_color_hover=&#8221;#ffffff&#8221; button_one_border_radius_hover=&#8221;0&#8243; button_two_border_radius_hover=&#8221;0&#8243; button_one_letter_spacing_hover=&#8221;2&#8243; button_two_letter_spacing_hover=&#8221;2&#8243; button_one_bg_color_hover=&#8221;#ffffff&#8221; button_two_bg_color_hover=&#8221;#ffffff&#8221; global_colors_info=&#8221;{}&#8221; button_one_text_size__hover_enabled=&#8221;off&#8221; button_two_text_size__hover_enabled=&#8221;off&#8221; button_one_text_color__hover_enabled=&#8221;on&#8221; button_one_text_color__hover=&#8221;#6eba01&#8243; button_two_text_color__hover_enabled=&#8221;on&#8221; button_two_text_color__hover=&#8221;#6eba01&#8243; button_one_border_width__hover_enabled=&#8221;off&#8221; button_two_border_width__hover_enabled=&#8221;off&#8221; button_one_border_color__hover_enabled=&#8221;on&#8221; button_one_border_color__hover=&#8221;#ffffff&#8221; button_two_border_color__hover_enabled=&#8221;on&#8221; button_two_border_color__hover=&#8221;#ffffff&#8221; button_one_border_radius__hover_enabled=&#8221;on&#8221; button_one_border_radius__hover=&#8221;0&#8243; button_two_border_radius__hover_enabled=&#8221;on&#8221; button_two_border_radius__hover=&#8221;0&#8243; button_one_letter_spacing__hover_enabled=&#8221;on&#8221; button_one_letter_spacing__hover=&#8221;2&#8243; button_two_letter_spacing__hover_enabled=&#8221;on&#8221; button_two_letter_spacing__hover=&#8221;2&#8243; button_one_bg_color__hover_enabled=&#8221;on&#8221; button_one_bg_color__hover=&#8221;#ffffff&#8221; button_two_bg_color__hover_enabled=&#8221;on&#8221; button_two_bg_color__hover=&#8221;#ffffff&#8221;]<\/p>\n<p>Toon je voorraad op \u00e9\u00e9n of meerdere TV&#8217;s in je showroom of wachtruimte<\/p>\n<p>&nbsp;<\/p>\n<p>[\/et_pb_fullwidth_header][\/et_pb_section][et_pb_section fb_built=&#8221;1&#8243; custom_padding_last_edited=&#8221;on|phone&#8221; admin_label=&#8221;Split Section&#8221; _builder_version=&#8221;4.16&#8243; custom_padding=&#8221;90px||80px|&#8221; custom_padding_tablet=&#8221;90px||80px|&#8221; custom_padding_phone=&#8221;9px||23px||false|false&#8221; global_colors_info=&#8221;{}&#8221;][et_pb_row column_structure=&#8221;1_2,1_2&#8243; use_custom_gutter=&#8221;on&#8221; make_equal=&#8221;on&#8221; module_class=&#8221; et_pb_row_fullwidth&#8221; _builder_version=&#8221;4.23&#8243; background_size=&#8221;initial&#8221; background_position=&#8221;top_left&#8221; background_repeat=&#8221;repeat&#8221; width=&#8221;100%&#8221; width_tablet=&#8221;100%&#8221; width_phone=&#8221;&#8221; width_last_edited=&#8221;on|desktop&#8221; max_width=&#8221;100%&#8221; max_width_tablet=&#8221;100%&#8221; max_width_phone=&#8221;&#8221; max_width_last_edited=&#8221;on|desktop&#8221; custom_margin=&#8221;0px||0px|&#8221; custom_padding=&#8221;0px||0px|&#8221; make_fullwidth=&#8221;on&#8221; global_colors_info=&#8221;{}&#8221;][et_pb_column type=&#8221;1_2&#8243; _builder_version=&#8221;4.23&#8243; background_color=&#8221;#FFFFFF&#8221; background_enable_image=&#8221;off&#8221; background_position=&#8221;top_left&#8221; custom_padding=&#8221;8px|6px|8px|6px|false|false&#8221; global_colors_info=&#8221;{}&#8221; custom_padding__hover=&#8221;|||&#8221;][et_pb_image src=&#8221;https:\/\/www.mobilox.nl\/pro\/wp-content\/uploads\/2024\/04\/Narrowcasting-voorbeeld.png&#8221; title_text=&#8221;Narrowcasting voorbeeld&#8221; _builder_version=&#8221;4.24.1&#8243; _module_preset=&#8221;default&#8221; custom_padding=&#8221;150px||||false|false&#8221; global_colors_info=&#8221;{}&#8221;][\/et_pb_image][\/et_pb_column][et_pb_column type=&#8221;1_2&#8243; _builder_version=&#8221;4.23&#8243; background_color=&#8221;#f4f4f4&#8243; background_position=&#8221;top_left&#8221; custom_padding=&#8221;8%|6%|8%|6%&#8221; global_colors_info=&#8221;{}&#8221; custom_padding__hover=&#8221;|||&#8221;][et_pb_divider divider_weight=&#8221;3px&#8221; disabled_on=&#8221;off|off|off&#8221; _builder_version=&#8221;4.16&#8243; background_color_gradient_direction=&#8221;90deg&#8221; max_width=&#8221;100px&#8221; module_alignment=&#8221;left&#8221; height=&#8221;5px&#8221; custom_margin=&#8221;||20px|&#8221; custom_padding=&#8221;||20px|&#8221; animation_style=&#8221;slide&#8221; animation_direction=&#8221;bottom&#8221; saved_tabs=&#8221;all&#8221; locked=&#8221;off&#8221; global_colors_info=&#8221;{}&#8221;][\/et_pb_divider][et_pb_text admin_label=&#8221;About Section Title&#8221; _builder_version=&#8221;4.24.1&#8243; text_font=&#8221;||||||||&#8221; text_text_color=&#8221;#1f1f1f&#8221; text_font_size=&#8221;36px&#8221; text_line_height=&#8221;1.8em&#8221; header_2_font_size=&#8221;40px&#8221; background_size=&#8221;initial&#8221; background_position=&#8221;top_left&#8221; background_repeat=&#8221;repeat&#8221; custom_margin=&#8221;|27px|||false|false&#8221; custom_margin_tablet=&#8221;|27px|||false|false&#8221; custom_margin_phone=&#8221;|27px|||false|false&#8221; custom_margin_last_edited=&#8221;on|desktop&#8221; header_2_font_size_tablet=&#8221;40px&#8221; header_2_font_size_phone=&#8221;29px&#8221; header_2_font_size_last_edited=&#8221;on|phone&#8221; locked=&#8221;off&#8221; global_colors_info=&#8221;{}&#8221;]<\/p>\n<h2>Toon je voorraad op \u00e9\u00e9n of meerdere TV&#8217;s in je showroom of wachtruimte<\/h2>\n<p>[\/et_pb_text][et_pb_text admin_label=&#8221;About Section Text&#8221; _builder_version=&#8221;4.24.1&#8243; text_font_size=&#8221;16px&#8221; text_line_height=&#8221;1.9em&#8221; background_size=&#8221;initial&#8221; background_position=&#8221;top_left&#8221; background_repeat=&#8221;repeat&#8221; width=&#8221;79%&#8221; width_tablet=&#8221;79%&#8221; width_phone=&#8221;100%&#8221; width_last_edited=&#8221;on|phone&#8221; locked=&#8221;off&#8221; global_colors_info=&#8221;{}&#8221;]<\/p>\n<p><span style=\"font-weight: 400;\">Wij gaan graag een stapje verder om de voorraad van onze klanten verder onder de aandacht te brengen. Door onze narrowcasting krijg je de mogelijkheid om de voorraad op een professionele en aantrekkelijke manier te presenteren op \u00e9\u00e9n of meerdere televisies, in bijvoorbeeld je showroom of wachtruimte. Met real-time updates biedt onze dienst een voorsprong in het verbeteren van de klantervaring en het stimuleren van verkoopkansen. Een voorbeeld: <\/span><a href=\"https:\/\/narrowcasting.mobilox.nl\/2579430-auto-poelsma\" target=\"_blank\" rel=\"noopener\"><span style=\"font-weight: 400;\">Mobilox Narrowcasting<\/span><\/a><\/p>\n<p>&nbsp;<\/p>\n<p><span style=\"font-weight: 400;\">Onze narrowcasting is geschikt voor elk bedrijf met voorraad in Mobilox. Of je nu auto\u2019s verkoopt, boten of bijvoorbeeld motoren, wij zijn er klaar voor!<\/span><\/p>\n<p>\u200b<\/p>\n<p>[\/et_pb_text][\/et_pb_column][\/et_pb_row][\/et_pb_section][et_pb_section fb_built=&#8221;1&#8243; custom_padding_last_edited=&#8221;on|phone&#8221; admin_label=&#8221;Statistics&#8221; _builder_version=&#8221;4.17.4&#8243; custom_padding=&#8221;90px||80px|&#8221; custom_padding_tablet=&#8221;90px||80px|&#8221; custom_padding_phone=&#8221;9px||23px||false|false&#8221; global_colors_info=&#8221;{}&#8221;][et_pb_row _builder_version=&#8221;4.16&#8243; background_size=&#8221;initial&#8221; background_position=&#8221;top_left&#8221; background_repeat=&#8221;repeat&#8221; custom_width_px=&#8221;710px&#8221; global_colors_info=&#8221;{}&#8221;][et_pb_column type=&#8221;4_4&#8243; _builder_version=&#8221;4.16&#8243; background_position=&#8221;top_left&#8221; custom_padding=&#8221;|||&#8221; global_colors_info=&#8221;{}&#8221; custom_padding__hover=&#8221;|||&#8221;][et_pb_divider divider_weight=&#8221;3px&#8221; disabled_on=&#8221;off|off|off&#8221; _builder_version=&#8221;4.17.4&#8243; background_color_gradient_direction=&#8221;90deg&#8221; max_width=&#8221;100px&#8221; module_alignment=&#8221;center&#8221; height=&#8221;5px&#8221; custom_margin=&#8221;||20px|&#8221; custom_padding=&#8221;||20px|&#8221; animation_style=&#8221;slide&#8221; animation_direction=&#8221;bottom&#8221; module_alignment_tablet=&#8221;center&#8221; module_alignment_phone=&#8221;left&#8221; module_alignment_last_edited=&#8221;on|phone&#8221; saved_tabs=&#8221;all&#8221; locked=&#8221;off&#8221; global_colors_info=&#8221;{}&#8221;][\/et_pb_divider][et_pb_text content_tablet=&#8221;<\/p>\n<h2 style=%22text-align: center;%22>Offerte<\/h2>\n<p>&#8221; content_phone=&#8221;<\/p>\n<h2 style=%22text-align: left;%22>Offerte<\/h2>\n<p>&#8221; content_last_edited=&#8221;on|phone&#8221; admin_label=&#8221;About Section Title&#8221; _builder_version=&#8221;4.24.1&#8243; text_font=&#8221;||||||||&#8221; text_text_color=&#8221;#1f1f1f&#8221; text_font_size=&#8221;36px&#8221; text_line_height=&#8221;1.8em&#8221; header_2_font_size=&#8221;40px&#8221; background_size=&#8221;initial&#8221; background_position=&#8221;top_left&#8221; background_repeat=&#8221;repeat&#8221; custom_margin=&#8221;|27px|||false|false&#8221; custom_margin_tablet=&#8221;|27px|||false|false&#8221; custom_margin_phone=&#8221;|27px|||false|false&#8221; custom_margin_last_edited=&#8221;on|desktop&#8221; header_2_font_size_tablet=&#8221;40px&#8221; header_2_font_size_phone=&#8221;29px&#8221; header_2_font_size_last_edited=&#8221;on|phone&#8221; locked=&#8221;off&#8221; global_colors_info=&#8221;{}&#8221;]<\/p>\n<h2 style=\"text-align: center;\">Hoe werkt het?<\/h2>\n<p>[\/et_pb_text][et_pb_text content_tablet=&#8221;<\/p>\n<p>Is een klant ge\u00efnteresseerd in een auto, dan kun je eenvoudig een offerte opmaken.  Klantgegevens invoeren en koppelen aan een voertuig uit je voorraad en klaar is Kees! De offerte is later eenvoudig om te zetten naar een factuur<\/p>\n<p>&#8221; content_phone=&#8221;<\/p>\n<p style=%22text-align: left;%22>Is een klant ge\u00efnteresseerd in een auto, dan kun je eenvoudig een offerte opmaken.  Klantgegevens invoeren en koppelen aan een voertuig uit je voorraad en klaar is Kees! De offerte is later eenvoudig om te zetten naar een factuur<\/p>\n<p>&#8221; content_last_edited=&#8221;on|phone&#8221; admin_label=&#8221;Statistics Section Subtitle&#8221; _builder_version=&#8221;4.24.1&#8243; text_font_size=&#8221;16px&#8221; text_line_height=&#8221;1.9em&#8221; background_size=&#8221;initial&#8221; background_position=&#8221;top_left&#8221; background_repeat=&#8221;repeat&#8221; text_orientation=&#8221;center&#8221; max_width=&#8221;710px&#8221; module_alignment=&#8221;center&#8221; custom_padding=&#8221;||1px|||&#8221; animation_style=&#8221;fold&#8221; animation_direction=&#8221;bottom&#8221; animation_intensity_fold=&#8221;20%&#8221; hover_enabled=&#8221;0&#8243; global_colors_info=&#8221;{}&#8221; sticky_enabled=&#8221;0&#8243;]<\/p>\n<p><span style=\"font-weight: 400;\">Wij stellen je narrowcasting van tevoren in, hier hebben we de mogelijkheid om een logo en kleine aanvullende tekst aan toe te voegen. De opmaak zal in de huisstijl worden aangeleverd.\u00a0<\/span><\/p>\n<p><span style=\"font-weight: 400;\">Het selecteren van de voorraad gaat automatisch door middel van de \u2018Uw eigen site\u2019-koppeling bij de voorraad. Zo is het altijd up to date.<\/span><\/p>\n<p><span style=\"font-weight: 400;\">Om het vervolgens te casten op je televisie is het belangrijk dat je een televisie hebt met een internetverbinding, bij voorkeur met een interne browser. In de browser kun je in de URL-balk zoeken naar de aangeleverde unieke link. Vanaf dat moment is de narrowcasting van Mobilox zichtbaar. Sommige televisies zijn overigens ook uitgevoerd met een interne casting mogelijkheid. Raadpleeg hiervoor de handleiding van je televisie.\u00a0<\/span><\/p>\n<p><span style=\"font-weight: 400;\">Geen browser op je televisie? Een andere mogelijkheid is om te werken met een <\/span><a href=\"https:\/\/store.google.com\/nl\/product\/chromecast_google_tv?hl=nl&amp;pli=1\" target=\"_blank\" rel=\"noopener\"><span style=\"font-weight: 400;\">Chromecast<\/span><\/a><span style=\"font-weight: 400;\"> van Google. Door deze te koppelen aan je browser (onze voorkeur heeft Google Chrome) kun je de pagina casten naar je televisie. Bekijk de uitleg in de <a href=\"https:\/\/www.mobilox.nl\/handleidingen\/website-email-hosting\/narrowcasting\" target=\"_blank\" rel=\"noopener\">handleiding<\/a>.<\/span><\/p>\n<h2><b>Ge\u00efnteresseerd?<\/b><\/h2>\n<p><span style=\"font-weight: 400;\">Wij bieden onze narrowcasting helemaal gratis aan. Ook jouw televisie vullen met je voorraad vanuit Mobilox? Neem dan even contact met ons op.<\/span><\/p>\n<p>[\/et_pb_text][\/et_pb_column][\/et_pb_row][\/et_pb_section]<\/p>\n","protected":false},"excerpt":{"rendered":"<p>Toon je voorraad op \u00e9\u00e9n of meerdere TV&#8217;s in je showroom of wachtruimte &nbsp;Toon je voorraad op \u00e9\u00e9n of meerdere TV&#8217;s in je showroom of wachtruimteWij gaan graag een stapje verder om de voorraad van onze klanten verder onder de aandacht te brengen. Door onze narrowcasting krijg je de mogelijkheid om de voorraad op een [&hellip;]<\/p>\n","protected":false},"author":8,"featured_media":0,"parent":0,"menu_order":0,"comment_status":"closed","ping_status":"closed","template":"","meta":{"_et_pb_use_builder":"on","_et_pb_old_content":"","_et_gb_content_width":"","footnotes":""},"class_list":["post-58117","page","type-page","status-publish","hentry"],"yoast_head":"<!-- This site is optimized with the Yoast SEO plugin v27.4 - https:\/\/yoast.com\/product\/yoast-seo-wordpress\/ -->\n<title>Narrowcasting - Mobilox<\/title>\n<meta name=\"description\" content=\"Toon je voorraad op een TV in je showroom of wachtruimte\" \/>\n<meta name=\"robots\" content=\"index, follow, max-snippet:-1, max-image-preview:large, max-video-preview:-1\" \/>\n<link rel=\"canonical\" href=\"https:\/\/www.mobilox.nl\/pro\/narrowcasting\/\" \/>\n<meta property=\"og:locale\" content=\"nl_NL\" \/>\n<meta property=\"og:type\" content=\"article\" \/>\n<meta property=\"og:title\" content=\"Narrowcasting - Mobilox\" \/>\n<meta property=\"og:description\" content=\"Toon je voorraad op een TV in je showroom of wachtruimte\" \/>\n<meta property=\"og:url\" content=\"https:\/\/www.mobilox.nl\/pro\/narrowcasting\/\" \/>\n<meta property=\"og:site_name\" content=\"Mobilox\" \/>\n<meta property=\"article:publisher\" content=\"https:\/\/www.facebook.com\/MobiloxNL\/\" \/>\n<meta property=\"article:modified_time\" content=\"2024-12-12T10:42:24+00:00\" \/>\n<meta name=\"twitter:card\" content=\"summary_large_image\" \/>\n<meta name=\"twitter:label1\" content=\"Geschatte leestijd\" \/>\n\t<meta name=\"twitter:data1\" content=\"4 minuten\" \/>\n<script type=\"application\/ld+json\" class=\"yoast-schema-graph\">{\"@context\":\"https:\\\/\\\/schema.org\",\"@graph\":[{\"@type\":\"WebPage\",\"@id\":\"https:\\\/\\\/www.mobilox.nl\\\/pro\\\/narrowcasting\\\/\",\"url\":\"https:\\\/\\\/www.mobilox.nl\\\/pro\\\/narrowcasting\\\/\",\"name\":\"Narrowcasting - Mobilox\",\"isPartOf\":{\"@id\":\"https:\\\/\\\/www.mobilox.nl\\\/pro\\\/#website\"},\"datePublished\":\"2024-04-24T11:56:49+00:00\",\"dateModified\":\"2024-12-12T10:42:24+00:00\",\"description\":\"Toon je voorraad op een TV in je showroom of wachtruimte\",\"breadcrumb\":{\"@id\":\"https:\\\/\\\/www.mobilox.nl\\\/pro\\\/narrowcasting\\\/#breadcrumb\"},\"inLanguage\":\"nl-NL\",\"potentialAction\":[{\"@type\":\"ReadAction\",\"target\":[\"https:\\\/\\\/www.mobilox.nl\\\/pro\\\/narrowcasting\\\/\"]}]},{\"@type\":\"BreadcrumbList\",\"@id\":\"https:\\\/\\\/www.mobilox.nl\\\/pro\\\/narrowcasting\\\/#breadcrumb\",\"itemListElement\":[{\"@type\":\"ListItem\",\"position\":1,\"name\":\"Home\",\"item\":\"https:\\\/\\\/www.mobilox.nl\\\/pro\\\/\"},{\"@type\":\"ListItem\",\"position\":2,\"name\":\"Narrowcasting\"}]},{\"@type\":\"WebSite\",\"@id\":\"https:\\\/\\\/www.mobilox.nl\\\/pro\\\/#website\",\"url\":\"https:\\\/\\\/www.mobilox.nl\\\/pro\\\/\",\"name\":\"Mobilox\",\"description\":\"Het beste beheer- en adverteersysteem voor de mobiliteitsbranche\",\"potentialAction\":[{\"@type\":\"SearchAction\",\"target\":{\"@type\":\"EntryPoint\",\"urlTemplate\":\"https:\\\/\\\/www.mobilox.nl\\\/pro\\\/?s={search_term_string}\"},\"query-input\":{\"@type\":\"PropertyValueSpecification\",\"valueRequired\":true,\"valueName\":\"search_term_string\"}}],\"inLanguage\":\"nl-NL\"}]}<\/script>\n<!-- \/ Yoast SEO plugin. -->","yoast_head_json":{"title":"Narrowcasting - Mobilox","description":"Toon je voorraad op een TV in je showroom of wachtruimte","robots":{"index":"index","follow":"follow","max-snippet":"max-snippet:-1","max-image-preview":"max-image-preview:large","max-video-preview":"max-video-preview:-1"},"canonical":"https:\/\/www.mobilox.nl\/pro\/narrowcasting\/","og_locale":"nl_NL","og_type":"article","og_title":"Narrowcasting - Mobilox","og_description":"Toon je voorraad op een TV in je showroom of wachtruimte","og_url":"https:\/\/www.mobilox.nl\/pro\/narrowcasting\/","og_site_name":"Mobilox","article_publisher":"https:\/\/www.facebook.com\/MobiloxNL\/","article_modified_time":"2024-12-12T10:42:24+00:00","twitter_card":"summary_large_image","twitter_misc":{"Geschatte leestijd":"4 minuten"},"schema":{"@context":"https:\/\/schema.org","@graph":[{"@type":"WebPage","@id":"https:\/\/www.mobilox.nl\/pro\/narrowcasting\/","url":"https:\/\/www.mobilox.nl\/pro\/narrowcasting\/","name":"Narrowcasting - Mobilox","isPartOf":{"@id":"https:\/\/www.mobilox.nl\/pro\/#website"},"datePublished":"2024-04-24T11:56:49+00:00","dateModified":"2024-12-12T10:42:24+00:00","description":"Toon je voorraad op een TV in je showroom of wachtruimte","breadcrumb":{"@id":"https:\/\/www.mobilox.nl\/pro\/narrowcasting\/#breadcrumb"},"inLanguage":"nl-NL","potentialAction":[{"@type":"ReadAction","target":["https:\/\/www.mobilox.nl\/pro\/narrowcasting\/"]}]},{"@type":"BreadcrumbList","@id":"https:\/\/www.mobilox.nl\/pro\/narrowcasting\/#breadcrumb","itemListElement":[{"@type":"ListItem","position":1,"name":"Home","item":"https:\/\/www.mobilox.nl\/pro\/"},{"@type":"ListItem","position":2,"name":"Narrowcasting"}]},{"@type":"WebSite","@id":"https:\/\/www.mobilox.nl\/pro\/#website","url":"https:\/\/www.mobilox.nl\/pro\/","name":"Mobilox","description":"Het beste beheer- en adverteersysteem voor de mobiliteitsbranche","potentialAction":[{"@type":"SearchAction","target":{"@type":"EntryPoint","urlTemplate":"https:\/\/www.mobilox.nl\/pro\/?s={search_term_string}"},"query-input":{"@type":"PropertyValueSpecification","valueRequired":true,"valueName":"search_term_string"}}],"inLanguage":"nl-NL"}]}},"_links":{"self":[{"href":"https:\/\/www.mobilox.nl\/pro\/wp-json\/wp\/v2\/pages\/58117","targetHints":{"allow":["GET"]}}],"collection":[{"href":"https:\/\/www.mobilox.nl\/pro\/wp-json\/wp\/v2\/pages"}],"about":[{"href":"https:\/\/www.mobilox.nl\/pro\/wp-json\/wp\/v2\/types\/page"}],"author":[{"embeddable":true,"href":"https:\/\/www.mobilox.nl\/pro\/wp-json\/wp\/v2\/users\/8"}],"replies":[{"embeddable":true,"href":"https:\/\/www.mobilox.nl\/pro\/wp-json\/wp\/v2\/comments?post=58117"}],"version-history":[{"count":14,"href":"https:\/\/www.mobilox.nl\/pro\/wp-json\/wp\/v2\/pages\/58117\/revisions"}],"predecessor-version":[{"id":58834,"href":"https:\/\/www.mobilox.nl\/pro\/wp-json\/wp\/v2\/pages\/58117\/revisions\/58834"}],"wp:attachment":[{"href":"https:\/\/www.mobilox.nl\/pro\/wp-json\/wp\/v2\/media?parent=58117"}],"curies":[{"name":"wp","href":"https:\/\/api.w.org\/{rel}","templated":true}]}}